{"id":412,"date":"2021-11-30T18:02:00","date_gmt":"2021-11-30T17:02:00","guid":{"rendered":"https:\/\/w40.de\/impressum\/"},"modified":"2023-07-13T17:48:58","modified_gmt":"2023-07-13T15:48:58","slug":"imprint","status":"publish","type":"page","link":"https:\/\/w40.de\/en\/imprint\/","title":{"rendered":"Imprint"},"content":{"rendered":"<div id=\"pl-412\"  class=\"panel-layout\" ><div id=\"pg-412-0\"  class=\"panel-grid panel-no-style\" ><div id=\"pgc-412-0-0\"  class=\"panel-grid-cell\" ><div id=\"panel-412-0-0-0\" class=\"so-panel widget widget_header-slider-widget panel-first-child\" data-index=\"0\" ><div\n\t\t\t\n\t\t\tclass=\"so-widget-header-slider-widget so-widget-header-slider-widget-style-d75171398898-412\"\n\t\t\t\n\t\t>\r\n<section class=\"widget header-slider-widget\">\r\n    <div class=\"header-slider\">\r\n                    <div class=\"item\">\r\n                                    <div class=\"image\" style=\"background-image:url('https:\/\/w40.de\/wp-content\/uploads\/2021\/11\/Ueber_Uns_001-1920x1440.jpg');\">\r\n                        <div class=\"container\">\r\n                            <h2>Imprint<\/h2>\r\n                        <\/div>\r\n                    <\/div>\r\n                            <\/div>\r\n            <\/div>\r\n<\/section><\/div><\/div><div id=\"panel-412-0-0-1\" class=\"so-panel widget widget_text-widget panel-last-child\" data-index=\"1\" ><div\n\t\t\t\n\t\t\tclass=\"so-widget-text-widget so-widget-text-widget-style-d75171398898-412\"\n\t\t\t\n\t\t>\r\n<section class=\"text-widget white\">\r\n    <div class=\"container\">\r\n                <div class=\"text-content\">\r\n            <h2>Angaben gem\u00e4\u00df \u00a7 5 TMG:<\/h2>\n<p class=\"text--middle\">W40 Architekten<br \/>\nDipl. Ing. Architekt Markus Gabler<br \/>\nWilhelmstrasse 40<br \/>\nD 65183 Wiesbaden<\/p>\n<h2>Kontakt:<\/h2>\n<p class=\"text--middle\">Telefon: <a href=\"tel:+49 611 949 101 -0\">+49 611 949 101 -0<\/a><br \/>\nTelefax: <a href=\"tel:+49 611 949 101 -0\">+49 611 949 101 -90<\/a><br \/>\nE-Mail: <a href=\"mailto:info@w40.com\">info@w40.com<\/a><\/p>\n<h2>Umsatzsteuer:<\/h2>\n<p class=\"text--middle\">Umsatzsteuer-Identifikationsnummer gem\u00e4\u00df \u00a727 a Umsatzsteuergesetz:<br \/>\nDE 199858443<br \/>\nBerufsbezeichnung und berufsrechtliche Regelungen<\/p>\n<h2>Berufsbezeichnung: Freier Architekt<\/h2>\n<p class=\"text--middle\">Zust\u00e4ndige Kammer: Architekten und Stadtplanerkammer Hessen<br \/>\nVerliehen durch: Deutschland<br \/>\nEs gelten folgende berufsrechtliche Regelungen: \u00a79 Abs. 1 Satz 1 Nr. 11 Hessisches Architekten- und Stadtplanergesetz in Verbindung mit \u00a760 Abs. 2 Satz 3 Hessische Bauordnung zur Vorlage bei der Bauaufsichtsbeh\u00f6rde.<br \/>\nRegelungen einsehbar unter: http:\/\/<\/p>\n<h2>Verantwortlich f\u00fcr den Inhalt nach \u00a7 55 Abs. 2 RStV:<\/h2>\n<p class=\"text--middle\">Dipl. Ing. Architekt Markus Gabler (Anschrift wie oben)<br \/>\nStreitschlichtung<\/p>\n<p class=\"text--middle\">Wir sind nicht bereit oder verpflichtet, an Streitbeilegungsverfahren vor einer Verbraucherschlichtungsstelle teilzunehmen.<\/p>\n<h2>Haftung f\u00fcr Inhalte<\/h2>\n<p class=\"text--middle\">Als Diensteanbieter sind wir gem\u00e4\u00df \u00a7 7 Abs.1 TMG f\u00fcr eigene Inhalte auf diesen Seiten nach den allgemeinen Gesetzen verantwortlich. Nach \u00a7\u00a7 8 bis 10 TMG sind wir als Diensteanbieter jedoch nicht verpflichtet, \u00fcbermittelte oder gespeicherte fremde Informationen zu \u00fcberwachen oder nach Umst\u00e4nden zu forschen, die auf eine rechtswidrige T\u00e4tigkeit hinweisen.<\/p>\n<p class=\"text--middle\">Verpflichtungen zur Entfernung oder Sperrung der Nutzung von Informationen nach den allgemeinen Gesetzen bleiben hiervon unber\u00fchrt. Eine diesbez\u00fcgliche Haftung ist jedoch erst ab dem Zeitpunkt der Kenntnis einer konkreten Rechtsverletzung m\u00f6glich. Bei Bekanntwerden von entsprechenden Rechtsverletzungen werden wir diese Inhalte umgehend entfernen.<\/p>\n<h2>Haftung f\u00fcr Links<\/h2>\n<p class=\"text--middle\">Unser Angebot enth\u00e4lt Links zu externen Websites Dritter, auf deren Inhalte wir keinen Einfluss haben. Deshalb k\u00f6nnen wir f\u00fcr diese fremden Inhalte auch keine Gew\u00e4hr \u00fcbernehmen. F\u00fcr die Inhalte der verlinkten Seiten ist stets der jeweilige Anbieter oder Betreiber der Seiten verantwortlich. Die verlinkten Seiten wurden zum Zeitpunkt der Verlinkung auf m\u00f6gliche Rechtsverst\u00f6\u00dfe \u00fcberpr\u00fcft. Rechtswidrige Inhalte waren zum Zeitpunkt der Verlinkung nicht erkennbar.<\/p>\n<p class=\"text--middle\">Eine permanente inhaltliche Kontrolle der verlinkten Seiten ist jedoch ohne konkrete Anhaltspunkte einer Rechtsverletzung nicht zumutbar. Bei Bekanntwerden von Rechtsverletzungen werden wir derartige Links umgehend entfernen.<\/p>\n<h2>Urheberrecht<\/h2>\n<p class=\"text--middle\">Die durch die Seitenbetreiber erstellten Inhalte und Werke auf diesen Seiten unterliegen dem deutschen Urheberrecht. Die Vervielf\u00e4ltigung, Bearbeitung, Verbreitung und jede Art der Verwertung au\u00dferhalb der Grenzen des Urheberrechtes bed\u00fcrfen der schriftlichen Zustimmung des jeweiligen Autors bzw. Erstellers. Downloads und Kopien dieser Seite sind nur f\u00fcr den privaten, nicht kommerziellen Gebrauch gestattet.<\/p>\n<p class=\"text--middle\">Soweit die Inhalte auf dieser Seite nicht vom Betreiber erstellt wurden, werden die Urheberrechte Dritter beachtet. Insbesondere werden Inhalte Dritter als solche gekennzeichnet. Sollten Sie trotzdem auf eine Urheberrechtsverletzung aufmerksam werden, bitten wir um einen entsprechenden Hinweis. Bei Bekanntwerden von Rechtsverletzungen werden wir derartige Inhalte umgehend entfernen.<\/p>\n        <\/div>\r\n\r\n            <\/div>\r\n<\/section>\r\n<\/div><\/div><\/div><\/div><\/div>","protected":false},"excerpt":{"rendered":"<p>Imprint Angaben gem\u00e4\u00df \u00a7 5 TMG: W40 Architekten Dipl. Ing. Architekt Markus Gabler Wilhelmstrasse 40 D 65183 Wiesbaden Kontakt: Telefon: +49 611 949 101 -0 Telefax: +49 611 949 101 -90 E-Mail: info@w40.com Umsatzsteuer: Umsatzsteuer-Identifikationsnummer gem\u00e4\u00df \u00a727 a Umsatzsteuergesetz: DE 199858443 Berufsbezeichnung und berufsrechtliche Regelungen Berufsbezeichnung: Freier Architekt Zust\u00e4ndige Kammer: Architekten und Stadtplanerkammer Hessen Verliehen [&hellip;]<\/p>\n","protected":false},"author":1,"featured_media":0,"parent":0,"menu_order":0,"comment_status":"closed","ping_status":"closed","template":"","meta":{"footnotes":""},"class_list":["post-412","page","type-page","status-publish","hentry"],"acf":[],"yoast_head":"<!-- This site is optimized with the Yoast SEO plugin v27.4 - https:\/\/yoast.com\/product\/yoast-seo-wordpress\/ -->\n<title>Imprint - W40<\/title>\n<meta name=\"robots\" content=\"index, follow, max-snippet:-1, max-image-preview:large, max-video-preview:-1\" \/>\n<link rel=\"canonical\" href=\"https:\/\/w40.de\/en\/imprint\/\" \/>\n<meta property=\"og:locale\" content=\"en_US\" \/>\n<meta property=\"og:type\" content=\"article\" \/>\n<meta property=\"og:title\" content=\"Imprint - W40\" \/>\n<meta property=\"og:description\" content=\"Imprint Angaben gem\u00e4\u00df \u00a7 5 TMG: W40 Architekten Dipl. Ing. Architekt Markus Gabler Wilhelmstrasse 40 D 65183 Wiesbaden Kontakt: Telefon: +49 611 949 101 -0 Telefax: +49 611 949 101 -90 E-Mail: info@w40.com Umsatzsteuer: Umsatzsteuer-Identifikationsnummer gem\u00e4\u00df \u00a727 a Umsatzsteuergesetz: DE 199858443 Berufsbezeichnung und berufsrechtliche Regelungen Berufsbezeichnung: Freier Architekt Zust\u00e4ndige Kammer: Architekten und Stadtplanerkammer Hessen Verliehen [&hellip;]\" \/>\n<meta property=\"og:url\" content=\"https:\/\/w40.de\/en\/imprint\/\" \/>\n<meta property=\"og:site_name\" content=\"W40\" \/>\n<meta property=\"article:modified_time\" content=\"2023-07-13T15:48:58+00:00\" \/>\n<meta name=\"twitter:card\" content=\"summary_large_image\" \/>\n<script type=\"application\/ld+json\" class=\"yoast-schema-graph\">{\"@context\":\"https:\\\/\\\/schema.org\",\"@graph\":[{\"@type\":\"WebPage\",\"@id\":\"https:\\\/\\\/w40.de\\\/en\\\/imprint\\\/\",\"url\":\"https:\\\/\\\/w40.de\\\/en\\\/imprint\\\/\",\"name\":\"Imprint - W40\",\"isPartOf\":{\"@id\":\"https:\\\/\\\/w40.de\\\/#website\"},\"datePublished\":\"2021-11-30T17:02:00+00:00\",\"dateModified\":\"2023-07-13T15:48:58+00:00\",\"breadcrumb\":{\"@id\":\"https:\\\/\\\/w40.de\\\/en\\\/imprint\\\/#breadcrumb\"},\"inLanguage\":\"en-US\",\"potentialAction\":[{\"@type\":\"ReadAction\",\"target\":[\"https:\\\/\\\/w40.de\\\/en\\\/imprint\\\/\"]}]},{\"@type\":\"BreadcrumbList\",\"@id\":\"https:\\\/\\\/w40.de\\\/en\\\/imprint\\\/#breadcrumb\",\"itemListElement\":[{\"@type\":\"ListItem\",\"position\":1,\"name\":\"Startseite\",\"item\":\"https:\\\/\\\/w40.de\\\/en\\\/\"},{\"@type\":\"ListItem\",\"position\":2,\"name\":\"Imprint\"}]},{\"@type\":\"WebSite\",\"@id\":\"https:\\\/\\\/w40.de\\\/#website\",\"url\":\"https:\\\/\\\/w40.de\\\/\",\"name\":\"W40\",\"description\":\"Eine weitere WordPress-Website\",\"potentialAction\":[{\"@type\":\"SearchAction\",\"target\":{\"@type\":\"EntryPoint\",\"urlTemplate\":\"https:\\\/\\\/w40.de\\\/?s={search_term_string}\"},\"query-input\":{\"@type\":\"PropertyValueSpecification\",\"valueRequired\":true,\"valueName\":\"search_term_string\"}}],\"inLanguage\":\"en-US\"}]}<\/script>\n<!-- \/ Yoast SEO plugin. -->","yoast_head_json":{"title":"Imprint - W40","robots":{"index":"index","follow":"follow","max-snippet":"max-snippet:-1","max-image-preview":"max-image-preview:large","max-video-preview":"max-video-preview:-1"},"canonical":"https:\/\/w40.de\/en\/imprint\/","og_locale":"en_US","og_type":"article","og_title":"Imprint - W40","og_description":"Imprint Angaben gem\u00e4\u00df \u00a7 5 TMG: W40 Architekten Dipl. Ing. Architekt Markus Gabler Wilhelmstrasse 40 D 65183 Wiesbaden Kontakt: Telefon: +49 611 949 101 -0 Telefax: +49 611 949 101 -90 E-Mail: info@w40.com Umsatzsteuer: Umsatzsteuer-Identifikationsnummer gem\u00e4\u00df \u00a727 a Umsatzsteuergesetz: DE 199858443 Berufsbezeichnung und berufsrechtliche Regelungen Berufsbezeichnung: Freier Architekt Zust\u00e4ndige Kammer: Architekten und Stadtplanerkammer Hessen Verliehen [&hellip;]","og_url":"https:\/\/w40.de\/en\/imprint\/","og_site_name":"W40","article_modified_time":"2023-07-13T15:48:58+00:00","twitter_card":"summary_large_image","schema":{"@context":"https:\/\/schema.org","@graph":[{"@type":"WebPage","@id":"https:\/\/w40.de\/en\/imprint\/","url":"https:\/\/w40.de\/en\/imprint\/","name":"Imprint - W40","isPartOf":{"@id":"https:\/\/w40.de\/#website"},"datePublished":"2021-11-30T17:02:00+00:00","dateModified":"2023-07-13T15:48:58+00:00","breadcrumb":{"@id":"https:\/\/w40.de\/en\/imprint\/#breadcrumb"},"inLanguage":"en-US","potentialAction":[{"@type":"ReadAction","target":["https:\/\/w40.de\/en\/imprint\/"]}]},{"@type":"BreadcrumbList","@id":"https:\/\/w40.de\/en\/imprint\/#breadcrumb","itemListElement":[{"@type":"ListItem","position":1,"name":"Startseite","item":"https:\/\/w40.de\/en\/"},{"@type":"ListItem","position":2,"name":"Imprint"}]},{"@type":"WebSite","@id":"https:\/\/w40.de\/#website","url":"https:\/\/w40.de\/","name":"W40","description":"Eine weitere WordPress-Website","potentialAction":[{"@type":"SearchAction","target":{"@type":"EntryPoint","urlTemplate":"https:\/\/w40.de\/?s={search_term_string}"},"query-input":{"@type":"PropertyValueSpecification","valueRequired":true,"valueName":"search_term_string"}}],"inLanguage":"en-US"}]}},"_links":{"self":[{"href":"https:\/\/w40.de\/en\/wp-json\/wp\/v2\/pages\/412","targetHints":{"allow":["GET"]}}],"collection":[{"href":"https:\/\/w40.de\/en\/wp-json\/wp\/v2\/pages"}],"about":[{"href":"https:\/\/w40.de\/en\/wp-json\/wp\/v2\/types\/page"}],"author":[{"embeddable":true,"href":"https:\/\/w40.de\/en\/wp-json\/wp\/v2\/users\/1"}],"replies":[{"embeddable":true,"href":"https:\/\/w40.de\/en\/wp-json\/wp\/v2\/comments?post=412"}],"version-history":[{"count":11,"href":"https:\/\/w40.de\/en\/wp-json\/wp\/v2\/pages\/412\/revisions"}],"predecessor-version":[{"id":2259,"href":"https:\/\/w40.de\/en\/wp-json\/wp\/v2\/pages\/412\/revisions\/2259"}],"wp:attachment":[{"href":"https:\/\/w40.de\/en\/wp-json\/wp\/v2\/media?parent=412"}],"curies":[{"name":"wp","href":"https:\/\/api.w.org\/{rel}","templated":true}]}}